{"id":251,"date":"2018-10-15T16:46:34","date_gmt":"2018-10-15T16:46:34","guid":{"rendered":"https:\/\/reformesintegralsferreres.com\/reformes-integrals"},"modified":"2018-10-23T14:03:09","modified_gmt":"2018-10-23T14:03:09","slug":"reformas-integrales","status":"publish","type":"page","link":"https:\/\/reformesintegralsferreres.com\/es\/reformas-integrales","title":{"rendered":"Reformas Integrales"},"content":{"rendered":"<p>[et_pb_section bb_built=\u00bb1&#8243; specialty=\u00bboff\u00bb next_background_color=\u00bb#ffffff\u00bb _builder_version=\u00bb3.15&#8243; background_color=\u00bb#00649a\u00bb custom_margin=\u00bb0px||0px|\u00bb custom_padding=\u00bb0px||0px|\u00bb][et_pb_row _builder_version=\u00bb3.15&#8243;][et_pb_column type=\u00bb4_4&#8243;][et_pb_text admin_label=\u00bbTitle\u00bb _builder_version=\u00bb3.17.1&#8243; header_font=\u00bbBungee||||||||\u00bb header_font_size=\u00bb40&#8243; header_font_size_tablet=\u00bb30&#8243; header_font_size_last_edited=\u00bbon|desktop\u00bb header_line_height=\u00bb1.4em\u00bb border_color_all=\u00bb#ff5400&#8243; border_width_left=\u00bb3px\u00bb background_layout=\u00bbdark\u00bb custom_margin_last_edited=\u00bboff|desktop\u00bb animation_style=\u00bbslide\u00bb animation_direction=\u00bbtop\u00bb animation_intensity_slide=\u00bb5%\u00bb animation_starting_opacity=\u00bb100%\u00bb border_color_left=\u00bb#00649a\u00bb header_font_size_phone=\u00bb25&#8243; text_orientation=\u00bbcenter\u00bb header_2_font_size=\u00bb20&#8243; header_2_font_size_phone=\u00bb14&#8243; header_2_font_size_last_edited=\u00bbon|phone\u00bb]<\/p>\n<h1>Reformas Integrales<\/h1>\n<h2>Reformas Integrales de Pisos y Locales<\/h2>\n<p>[\/et_pb_text][\/et_pb_column][\/et_pb_row][\/et_pb_section][et_pb_section bb_built=\u00bb1&#8243; specialty=\u00bboff\u00bb prev_background_color=\u00bb#00649a\u00bb next_background_color=\u00bb#000000&#8243; _builder_version=\u00bb3.17.1&#8243; custom_margin=\u00bb0px||0px|\u00bb custom_padding=\u00bb||0px|\u00bb][et_pb_row][et_pb_column type=\u00bb4_4&#8243;][et_pb_text admin_label=\u00bbTitol\u00bb _builder_version=\u00bb3.17.2&#8243; header_3_font=\u00bbBungee||||||||\u00bb header_3_text_align=\u00bbcenter\u00bb header_3_text_color=\u00bb#00649a\u00bb]<\/p>\n<h3>Somos especialistas en reformas integrales.<\/h3>\n<p>[\/et_pb_text][et_pb_text _builder_version=\u00bb3.17.2&#8243; text_font_size=\u00bb16&#8243; text_font_size_phone=\u00bb14&#8243; text_font_size_last_edited=\u00bbon|phone\u00bb text_orientation=\u00bbcenter\u00bb header_3_text_color=\u00bb#00649a\u00bb]<\/p>\n<p>Reformamos cualquier tipo de vivienda adapt\u00e1ndose a las necesidades y posibilidades de nuestros clientes.<\/p>\n<p>Nuestros interioristas y arquitectos te asesorar\u00e1n en el proyecto hasta la ejecuci\u00f3n de la obra, haciendo visitas de obra las veces que sean necesarias. Ofrecemos servicio \u00ab<em>llaves en mano<\/em>\u00bb para que no te preocupes de nada.<br \/>\nSomos especialistas en reformas integrales y mantenimiento de pisos de alquiler, haciendo reformas econ\u00f3micas con la m\u00e1xima calidad y adapt\u00e1ndose a las necesidades de nuestros clientes<\/p>\n<p>[\/et_pb_text][\/et_pb_column][\/et_pb_row][\/et_pb_section][et_pb_section bb_built=\u00bb1&#8243; specialty=\u00bboff\u00bb prev_background_color=\u00bb#000000&#8243; _builder_version=\u00bb3.17.1&#8243; custom_margin=\u00bb0px||0px|\u00bb next_background_color=\u00bb#ededed\u00bb border_width_bottom=\u00bb1&#8243; border_color_bottom=\u00bb#00649a\u00bb][et_pb_row _builder_version=\u00bb3.17.1&#8243; custom_margin=\u00bb0px|||\u00bb custom_padding=\u00bb0px|||\u00bb padding_top_1=\u00bb10px\u00bb][et_pb_column type=\u00bb4_4&#8243;][et_pb_text admin_label=\u00bbDescripci\u00f3 de l&#8217;obra\u00bb _builder_version=\u00bb3.17.1&#8243; header_3_font=\u00bbBungee||||||||\u00bb header_3_text_align=\u00bbcenter\u00bb header_3_text_color=\u00bb#00649a\u00bb header_4_font=\u00bbBungee||||||||\u00bb header_4_text_color=\u00bb#00649a\u00bb]<\/p>\n<h4 style=\"text-align: center;\">Ejemplos de la reformas integrales en Barcelona<\/h4>\n<p>[\/et_pb_text][\/et_pb_column][\/et_pb_row][\/et_pb_section][et_pb_section bb_built=\u00bb1&#8243; specialty=\u00bboff\u00bb prev_background_color=\u00bb#ffffff\u00bb _builder_version=\u00bb3.17.1&#8243; background_color=\u00bb#ededed\u00bb][et_pb_row][et_pb_column type=\u00bb1_3&#8243;][et_pb_text _builder_version=\u00bb3.17.2&#8243; header_4_font=\u00bbBungee||||||||\u00bb header_4_text_color=\u00bb#00649a\u00bb]<\/p>\n<h4>REFORMA INTEGRAL EN LES CORTS, Barcelona<\/h4>\n<p><strong>Proyecto Dise\u00f1o y Ejecuci\u00f3n<\/strong>: Reformas integrales Ferreres<br \/>\n<strong>Duraci\u00f3n<\/strong>: 4 meses<\/p>\n<p>Reforma integral de vivienda de 60 m\u00b2 en la calle Joan Gamper de Barcelona.<br \/>\nPiso interior que se hizo un \u00fanico espacio open concepto, comedor-cocina para ganar luz natural respetando distribuci\u00f3n y insonorizando tabiquer\u00eda.<br \/>\nLa vivienda estaba completamente para reformar cambiando todas las instalaciones. A nivel decorativo se escogi\u00f3 un parquet laminado muy c\u00e1lido y muebles de cocina con tirador u\u00f1ero combinado en dos colores con sobre de dekton Trillium. Se hicieron armarios a medida en las habitaciones.<\/p>\n<p>[\/et_pb_text][\/et_pb_column][et_pb_column type=\u00bb1_3&#8243;][et_pb_text _builder_version=\u00bb3.17.1&#8243; header_4_font=\u00bbBungee||||||||\u00bb header_4_text_color=\u00bb#00649a\u00bb text_font=\u00bbBungee||||||||\u00bb text_text_color=\u00bb#00649a\u00bb text_font_size=\u00bb20&#8243; text_orientation=\u00bbcenter\u00bb]<\/p>\n<p>Antes<\/p>\n<p>[\/et_pb_text][et_pb_gallery _builder_version=\u00bb3.17.1&#8243; gallery_ids=\u00bb212,213,214,215,216,217&#8243; posts_number=\u00bb2&#8243; show_title_and_caption=\u00bboff\u00bb show_pagination=\u00bboff\u00bb fullwidth=\u00bbon\u00bb zoom_icon_color=\u00bb#00649a\u00bb hover_overlay_color=\u00bbrgba(255,255,255,0.9)\u00bb auto=\u00bbon\u00bb auto_speed=\u00bb3500&#8243; \/][\/et_pb_column][et_pb_column type=\u00bb1_3&#8243;][et_pb_text _builder_version=\u00bb3.17.1&#8243; header_4_font=\u00bbBungee||||||||\u00bb header_4_text_color=\u00bb#00649a\u00bb text_font=\u00bbBungee||||||||\u00bb text_text_color=\u00bb#00649a\u00bb text_font_size=\u00bb20&#8243; text_orientation=\u00bbcenter\u00bb]<\/p>\n<p>Ahora<\/p>\n<p>[\/et_pb_text][et_pb_gallery _builder_version=\u00bb3.17.1&#8243; gallery_ids=\u00bb202,203,204,205,206,207,208,209,210,211&#8243; posts_number=\u00bb2&#8243; show_title_and_caption=\u00bboff\u00bb show_pagination=\u00bboff\u00bb fullwidth=\u00bbon\u00bb zoom_icon_color=\u00bb#00649a\u00bb hover_overlay_color=\u00bbrgba(255,255,255,0.9)\u00bb auto=\u00bbon\u00bb auto_speed=\u00bb3500&#8243; \/][\/et_pb_column][\/et_pb_row][\/et_pb_section]<\/p>\n","protected":false},"excerpt":{"rendered":"<p>Reformas Integrales Reformas Integrales de Pisos y Locales <div class=\"et_pb_row et_pb_row_0 et_pb_row_empty\">\n\t\t\t\t\n\t\t\t\t\n\t\t\t\t\n\t\t\t\t\n\t\t\t\t\n\t\t\t<\/div> Somos especialistas en reformas integrales. Reformamos cualquier tipo de vivienda adapt\u00e1ndose a las necesidades y posibilidades de nuestros clientes. Nuestros interioristas y arquitectos te asesorar\u00e1n en el proyecto hasta la ejecuci\u00f3n de la obra, haciendo visitas de obra las veces que sean necesarias. Ofrecemos servicio \u00abllaves [&hellip;]<\/p>\n","protected":false},"author":1,"featured_media":0,"parent":0,"menu_order":0,"comment_status":"closed","ping_status":"closed","template":"","meta":{"_et_pb_use_builder":"on","_et_pb_old_content":"","_et_gb_content_width":"","footnotes":""},"class_list":["post-251","page","type-page","status-publish","hentry"],"yoast_head":"<!-- This site is optimized with the Yoast SEO plugin v27.4 - https:\/\/yoast.com\/product\/yoast-seo-wordpress\/ -->\n<title>Reformas Integrales - Reformes Integrals Ferreres<\/title>\n<meta name=\"robots\" content=\"index, follow, max-snippet:-1, max-image-preview:large, max-video-preview:-1\" \/>\n<link rel=\"canonical\" href=\"https:\/\/reformesintegralsferreres.com\/es\/reformas-integrales\" \/>\n<meta property=\"og:locale\" content=\"es_ES\" \/>\n<meta property=\"og:type\" content=\"article\" \/>\n<meta property=\"og:title\" content=\"Reformas Integrales - Reformes Integrals Ferreres\" \/>\n<meta property=\"og:description\" content=\"Reformas Integrales Reformas Integrales de Pisos y Locales Somos especialistas en reformas integrales. Reformamos cualquier tipo de vivienda adapt\u00e1ndose a las necesidades y posibilidades de nuestros clientes. Nuestros interioristas y arquitectos te asesorar\u00e1n en el proyecto hasta la ejecuci\u00f3n de la obra, haciendo visitas de obra las veces que sean necesarias. Ofrecemos servicio &quot;llaves [&hellip;]\" \/>\n<meta property=\"og:url\" content=\"https:\/\/reformesintegralsferreres.com\/es\/reformas-integrales\" \/>\n<meta property=\"og:site_name\" content=\"Reformes Integrals Ferreres\" \/>\n<meta property=\"article:modified_time\" content=\"2018-10-23T14:03:09+00:00\" \/>\n<meta name=\"twitter:card\" content=\"summary_large_image\" \/>\n<meta name=\"twitter:label1\" content=\"Tiempo de lectura\" \/>\n\t<meta name=\"twitter:data1\" content=\"3 minutos\" \/>\n<script type=\"application\/ld+json\" class=\"yoast-schema-graph\">{\"@context\":\"https:\\\/\\\/schema.org\",\"@graph\":[{\"@type\":\"WebPage\",\"@id\":\"https:\\\/\\\/reformesintegralsferreres.com\\\/es\\\/reformas-integrales\",\"url\":\"https:\\\/\\\/reformesintegralsferreres.com\\\/es\\\/reformas-integrales\",\"name\":\"Reformas Integrales - Reformes Integrals Ferreres\",\"isPartOf\":{\"@id\":\"https:\\\/\\\/reformesintegralsferreres.com\\\/#website\"},\"datePublished\":\"2018-10-15T16:46:34+00:00\",\"dateModified\":\"2018-10-23T14:03:09+00:00\",\"breadcrumb\":{\"@id\":\"https:\\\/\\\/reformesintegralsferreres.com\\\/es\\\/reformas-integrales#breadcrumb\"},\"inLanguage\":\"es\",\"potentialAction\":[{\"@type\":\"ReadAction\",\"target\":[\"https:\\\/\\\/reformesintegralsferreres.com\\\/es\\\/reformas-integrales\"]}]},{\"@type\":\"BreadcrumbList\",\"@id\":\"https:\\\/\\\/reformesintegralsferreres.com\\\/es\\\/reformas-integrales#breadcrumb\",\"itemListElement\":[{\"@type\":\"ListItem\",\"position\":1,\"name\":\"Home\",\"item\":\"https:\\\/\\\/reformesintegralsferreres.com\\\/es\"},{\"@type\":\"ListItem\",\"position\":2,\"name\":\"Reformas Integrales\"}]},{\"@type\":\"WebSite\",\"@id\":\"https:\\\/\\\/reformesintegralsferreres.com\\\/#website\",\"url\":\"https:\\\/\\\/reformesintegralsferreres.com\\\/\",\"name\":\"Reformes Integrals Ferreres\",\"description\":\"Obres y Reformes per empreses i particulars\",\"potentialAction\":[{\"@type\":\"SearchAction\",\"target\":{\"@type\":\"EntryPoint\",\"urlTemplate\":\"https:\\\/\\\/reformesintegralsferreres.com\\\/?s={search_term_string}\"},\"query-input\":{\"@type\":\"PropertyValueSpecification\",\"valueRequired\":true,\"valueName\":\"search_term_string\"}}],\"inLanguage\":\"es\"}]}<\/script>\n<!-- \/ Yoast SEO plugin. -->","yoast_head_json":{"title":"Reformas Integrales - Reformes Integrals Ferreres","robots":{"index":"index","follow":"follow","max-snippet":"max-snippet:-1","max-image-preview":"max-image-preview:large","max-video-preview":"max-video-preview:-1"},"canonical":"https:\/\/reformesintegralsferreres.com\/es\/reformas-integrales","og_locale":"es_ES","og_type":"article","og_title":"Reformas Integrales - Reformes Integrals Ferreres","og_description":"Reformas Integrales Reformas Integrales de Pisos y Locales Somos especialistas en reformas integrales. Reformamos cualquier tipo de vivienda adapt\u00e1ndose a las necesidades y posibilidades de nuestros clientes. Nuestros interioristas y arquitectos te asesorar\u00e1n en el proyecto hasta la ejecuci\u00f3n de la obra, haciendo visitas de obra las veces que sean necesarias. Ofrecemos servicio \"llaves [&hellip;]","og_url":"https:\/\/reformesintegralsferreres.com\/es\/reformas-integrales","og_site_name":"Reformes Integrals Ferreres","article_modified_time":"2018-10-23T14:03:09+00:00","twitter_card":"summary_large_image","twitter_misc":{"Tiempo de lectura":"3 minutos"},"schema":{"@context":"https:\/\/schema.org","@graph":[{"@type":"WebPage","@id":"https:\/\/reformesintegralsferreres.com\/es\/reformas-integrales","url":"https:\/\/reformesintegralsferreres.com\/es\/reformas-integrales","name":"Reformas Integrales - Reformes Integrals Ferreres","isPartOf":{"@id":"https:\/\/reformesintegralsferreres.com\/#website"},"datePublished":"2018-10-15T16:46:34+00:00","dateModified":"2018-10-23T14:03:09+00:00","breadcrumb":{"@id":"https:\/\/reformesintegralsferreres.com\/es\/reformas-integrales#breadcrumb"},"inLanguage":"es","potentialAction":[{"@type":"ReadAction","target":["https:\/\/reformesintegralsferreres.com\/es\/reformas-integrales"]}]},{"@type":"BreadcrumbList","@id":"https:\/\/reformesintegralsferreres.com\/es\/reformas-integrales#breadcrumb","itemListElement":[{"@type":"ListItem","position":1,"name":"Home","item":"https:\/\/reformesintegralsferreres.com\/es"},{"@type":"ListItem","position":2,"name":"Reformas Integrales"}]},{"@type":"WebSite","@id":"https:\/\/reformesintegralsferreres.com\/#website","url":"https:\/\/reformesintegralsferreres.com\/","name":"Reformes Integrals Ferreres","description":"Obres y Reformes per empreses i particulars","potentialAction":[{"@type":"SearchAction","target":{"@type":"EntryPoint","urlTemplate":"https:\/\/reformesintegralsferreres.com\/?s={search_term_string}"},"query-input":{"@type":"PropertyValueSpecification","valueRequired":true,"valueName":"search_term_string"}}],"inLanguage":"es"}]}},"_links":{"self":[{"href":"https:\/\/reformesintegralsferreres.com\/es\/wp-json\/wp\/v2\/pages\/251","targetHints":{"allow":["GET"]}}],"collection":[{"href":"https:\/\/reformesintegralsferreres.com\/es\/wp-json\/wp\/v2\/pages"}],"about":[{"href":"https:\/\/reformesintegralsferreres.com\/es\/wp-json\/wp\/v2\/types\/page"}],"author":[{"embeddable":true,"href":"https:\/\/reformesintegralsferreres.com\/es\/wp-json\/wp\/v2\/users\/1"}],"replies":[{"embeddable":true,"href":"https:\/\/reformesintegralsferreres.com\/es\/wp-json\/wp\/v2\/comments?post=251"}],"version-history":[{"count":5,"href":"https:\/\/reformesintegralsferreres.com\/es\/wp-json\/wp\/v2\/pages\/251\/revisions"}],"predecessor-version":[{"id":385,"href":"https:\/\/reformesintegralsferreres.com\/es\/wp-json\/wp\/v2\/pages\/251\/revisions\/385"}],"wp:attachment":[{"href":"https:\/\/reformesintegralsferreres.com\/es\/wp-json\/wp\/v2\/media?parent=251"}],"curies":[{"name":"wp","href":"https:\/\/api.w.org\/{rel}","templated":true}]}}