{"id":255,"date":"2018-10-15T16:15:49","date_gmt":"2018-10-15T16:15:49","guid":{"rendered":"https:\/\/reformesintegralsferreres.com\/reformes-de-banys"},"modified":"2020-09-23T08:20:14","modified_gmt":"2020-09-23T08:20:14","slug":"reformas-de-banos","status":"publish","type":"page","link":"https:\/\/reformesintegralsferreres.com\/es\/reformas-de-banos","title":{"rendered":"Reformas de Ba\u00f1os"},"content":{"rendered":"<p>[et_pb_section fb_built=\u00bb1&#8243; _builder_version=\u00bb3.22&#8243; background_color=\u00bb#00649a\u00bb custom_margin=\u00bb0px||0px|\u00bb custom_padding=\u00bb0px||0px|\u00bb][et_pb_row _builder_version=\u00bb3.25&#8243;][et_pb_column type=\u00bb4_4&#8243; _builder_version=\u00bb3.25&#8243; custom_padding=\u00bb|||\u00bb custom_padding__hover=\u00bb|||\u00bb][et_pb_text admin_label=\u00bbTitle\u00bb _builder_version=\u00bb3.27.4&#8243; header_font=\u00bbBungee||||||||\u00bb header_font_size=\u00bb40&#8243; header_line_height=\u00bb1.4em\u00bb header_2_font_size=\u00bb20&#8243; text_orientation=\u00bbcenter\u00bb background_layout=\u00bbdark\u00bb custom_margin_last_edited=\u00bboff|desktop\u00bb animation_style=\u00bbslide\u00bb animation_direction=\u00bbtop\u00bb animation_intensity_slide=\u00bb5%\u00bb animation_starting_opacity=\u00bb100%\u00bb header_font_size_tablet=\u00bb30&#8243; header_font_size_phone=\u00bb25&#8243; header_font_size_last_edited=\u00bbon|desktop\u00bb header_2_font_size_tablet=\u00bb\u00bb header_2_font_size_phone=\u00bb14&#8243; header_2_font_size_last_edited=\u00bbon|phone\u00bb border_color_all=\u00bb#ff5400&#8243; border_width_left=\u00bb3px\u00bb border_color_left=\u00bb#00649a\u00bb]<\/p>\n<h1>Reformas de Ba\u00f1os<\/h1>\n<h2>Reforma integral de Ba\u00f1os<\/h2>\n<p>[\/et_pb_text][\/et_pb_column][\/et_pb_row][\/et_pb_section][et_pb_section fb_built=\u00bb1&#8243; _builder_version=\u00bb3.22&#8243; custom_margin=\u00bb0px||0px|\u00bb custom_padding=\u00bb||0px|\u00bb][et_pb_row _builder_version=\u00bb3.25&#8243; background_size=\u00bbinitial\u00bb background_position=\u00bbtop_left\u00bb background_repeat=\u00bbrepeat\u00bb][et_pb_column type=\u00bb4_4&#8243; _builder_version=\u00bb3.25&#8243; custom_padding=\u00bb|||\u00bb custom_padding__hover=\u00bb|||\u00bb][et_pb_text admin_label=\u00bbTitol\u00bb _builder_version=\u00bb3.27.4&#8243; header_3_font=\u00bbBungee||||||||\u00bb header_3_text_align=\u00bbcenter\u00bb header_3_text_color=\u00bb#00649a\u00bb]<\/p>\n<h3>Estamos especializados en reformas integrales de Ba\u00f1os<\/h3>\n<p>[\/et_pb_text][et_pb_text _builder_version=\u00bb3.27.4&#8243; text_font_size=\u00bb16&#8243; header_3_text_color=\u00bb#00649a\u00bb text_orientation=\u00bbcenter\u00bb text_font_size_tablet=\u00bb\u00bb text_font_size_phone=\u00bb14&#8243; text_font_size_last_edited=\u00bbon|phone\u00bb]<strong>Reformas integrales Ferreres<\/strong> es una empresa especializada en reformas de ba\u00f1os.<\/p>\n<p>Reformamos tu ba\u00f1o adaptando el espacio a tus necesidades y estilo. Te asesoramos desde los revestimientos para paredes y azulejos desde el suelo hasta sanitarios y mobiliario, haciendo una correcta distribuci\u00f3n. Disponemos de una amplia gama de productos y materiales de primeras marcas, desde muebles econ\u00f3micos hasta de dise\u00f1o. Nos adaptamos siempre a las necesidades del cliente.<br \/>\n[\/et_pb_text][\/et_pb_column][\/et_pb_row][\/et_pb_section][et_pb_section fb_built=\u00bb1&#8243; _builder_version=\u00bb3.22&#8243; custom_margin=\u00bb0px||0px|\u00bb border_width_bottom=\u00bb1&#8243; border_color_bottom=\u00bb#00649a\u00bb][et_pb_row _builder_version=\u00bb3.25&#8243; custom_margin=\u00bb0px|||\u00bb custom_padding=\u00bb0px|||\u00bb][et_pb_column type=\u00bb4_4&#8243; _builder_version=\u00bb3.25&#8243; custom_padding=\u00bb10px|||\u00bb custom_padding__hover=\u00bb|||\u00bb][et_pb_text admin_label=\u00bbDescripci\u00f3 de l&#8217;obra\u00bb _builder_version=\u00bb3.27.4&#8243; header_3_font=\u00bbBungee||||||||\u00bb header_3_text_align=\u00bbcenter\u00bb header_3_text_color=\u00bb#00649a\u00bb header_4_font=\u00bbBungee||||||||\u00bb header_4_text_color=\u00bb#00649a\u00bb]<\/p>\n<h4 style=\"text-align: center;\">Ejemplo de la reforma de ba\u00f1o en Barcelona<\/h4>\n<p>[\/et_pb_text][\/et_pb_column][\/et_pb_row][\/et_pb_section][et_pb_section fb_built=\u00bb1&#8243; _builder_version=\u00bb3.22&#8243; background_color=\u00bb#ededed\u00bb][et_pb_row column_structure=\u00bb1_3,2_3&#8243; _builder_version=\u00bb3.25&#8243; background_size=\u00bbinitial\u00bb background_position=\u00bbtop_left\u00bb background_repeat=\u00bbrepeat\u00bb][et_pb_column type=\u00bb1_3&#8243; _builder_version=\u00bb3.25&#8243; custom_padding=\u00bb|||\u00bb custom_padding__hover=\u00bb|||\u00bb][et_pb_text _builder_version=\u00bb3.27.4&#8243; header_4_font=\u00bbBungee||||||||\u00bb header_4_text_color=\u00bb#00649a\u00bb]<\/p>\n<h4>Reforma integral de Ba\u00f1o en Esplugues de Llobregat, Barcelona<\/h4>\n<p><strong>Proyecto, Dise\u00f1o y Ejecuci\u00f3n<\/strong>: Reformas integrales Ferreres<\/p>\n<p>Reforma integral de aseo construida y dise\u00f1ada para reformas integrales Ferreres. En este caso se cambiaron instalaciones agua y modificaciones en luz. Se instala un wc suspendido.<\/p>\n<p>A nivel decorativo se coloc\u00f3 cer\u00e1mica en suelo <em>Marazzi<\/em> con tonos marrones en paredes<\/p>\n<p>&nbsp;<\/p>\n<p>&nbsp;<br \/>\n[\/et_pb_text][\/et_pb_column][et_pb_column type=\u00bb2_3&#8243; _builder_version=\u00bb3.25&#8243; custom_padding=\u00bb|||\u00bb custom_padding__hover=\u00bb|||\u00bb][et_pb_gallery gallery_ids=\u00bb352,354,356,358,360,362&#8243; posts_number=\u00bb6&#8243; show_title_and_caption=\u00bboff\u00bb show_pagination=\u00bboff\u00bb zoom_icon_color=\u00bb#00649a\u00bb _builder_version=\u00bb3.17.2&#8243;][\/et_pb_gallery][\/et_pb_column][\/et_pb_row][\/et_pb_section]<\/p>\n","protected":false},"excerpt":{"rendered":"<p>Reformas de Ba\u00f1os Reforma integral de Ba\u00f1os Estamos especializados en reformas integrales de Ba\u00f1os Reformas integrales Ferreres es una empresa especializada en reformas de ba\u00f1os. Reformamos tu ba\u00f1o adaptando el espacio a tus necesidades y estilo. Te asesoramos desde los revestimientos para paredes y azulejos desde el suelo hasta sanitarios y mobiliario, haciendo una correcta [&hellip;]<\/p>\n","protected":false},"author":1,"featured_media":0,"parent":0,"menu_order":0,"comment_status":"closed","ping_status":"closed","template":"","meta":{"_et_pb_use_builder":"on","_et_pb_old_content":"","_et_gb_content_width":"","footnotes":""},"class_list":["post-255","page","type-page","status-publish","hentry"],"yoast_head":"<!-- This site is optimized with the Yoast SEO plugin v27.4 - https:\/\/yoast.com\/product\/yoast-seo-wordpress\/ -->\n<title>Reformas de Ba\u00f1os - Reformes Integrals Ferreres<\/title>\n<meta name=\"robots\" content=\"index, follow, max-snippet:-1, max-image-preview:large, max-video-preview:-1\" \/>\n<link rel=\"canonical\" href=\"https:\/\/reformesintegralsferreres.com\/es\/reformas-de-banos\" \/>\n<meta property=\"og:locale\" content=\"es_ES\" \/>\n<meta property=\"og:type\" content=\"article\" \/>\n<meta property=\"og:title\" content=\"Reformas de Ba\u00f1os - Reformes Integrals Ferreres\" \/>\n<meta property=\"og:description\" content=\"Reformas de Ba\u00f1os Reforma integral de Ba\u00f1os Estamos especializados en reformas integrales de Ba\u00f1os Reformas integrales Ferreres es una empresa especializada en reformas de ba\u00f1os. Reformamos tu ba\u00f1o adaptando el espacio a tus necesidades y estilo. Te asesoramos desde los revestimientos para paredes y azulejos desde el suelo hasta sanitarios y mobiliario, haciendo una correcta [&hellip;]\" \/>\n<meta property=\"og:url\" content=\"https:\/\/reformesintegralsferreres.com\/es\/reformas-de-banos\" \/>\n<meta property=\"og:site_name\" content=\"Reformes Integrals Ferreres\" \/>\n<meta property=\"article:modified_time\" content=\"2020-09-23T08:20:14+00:00\" \/>\n<meta name=\"twitter:card\" content=\"summary_large_image\" \/>\n<meta name=\"twitter:label1\" content=\"Tiempo de lectura\" \/>\n\t<meta name=\"twitter:data1\" content=\"3 minutos\" \/>\n<script type=\"application\/ld+json\" class=\"yoast-schema-graph\">{\"@context\":\"https:\\\/\\\/schema.org\",\"@graph\":[{\"@type\":\"WebPage\",\"@id\":\"https:\\\/\\\/reformesintegralsferreres.com\\\/es\\\/reformas-de-banos\",\"url\":\"https:\\\/\\\/reformesintegralsferreres.com\\\/es\\\/reformas-de-banos\",\"name\":\"Reformas de Ba\u00f1os - Reformes Integrals Ferreres\",\"isPartOf\":{\"@id\":\"https:\\\/\\\/reformesintegralsferreres.com\\\/#website\"},\"datePublished\":\"2018-10-15T16:15:49+00:00\",\"dateModified\":\"2020-09-23T08:20:14+00:00\",\"breadcrumb\":{\"@id\":\"https:\\\/\\\/reformesintegralsferreres.com\\\/es\\\/reformas-de-banos#breadcrumb\"},\"inLanguage\":\"es\",\"potentialAction\":[{\"@type\":\"ReadAction\",\"target\":[\"https:\\\/\\\/reformesintegralsferreres.com\\\/es\\\/reformas-de-banos\"]}]},{\"@type\":\"BreadcrumbList\",\"@id\":\"https:\\\/\\\/reformesintegralsferreres.com\\\/es\\\/reformas-de-banos#breadcrumb\",\"itemListElement\":[{\"@type\":\"ListItem\",\"position\":1,\"name\":\"Home\",\"item\":\"https:\\\/\\\/reformesintegralsferreres.com\\\/es\"},{\"@type\":\"ListItem\",\"position\":2,\"name\":\"Reformas de Ba\u00f1os\"}]},{\"@type\":\"WebSite\",\"@id\":\"https:\\\/\\\/reformesintegralsferreres.com\\\/#website\",\"url\":\"https:\\\/\\\/reformesintegralsferreres.com\\\/\",\"name\":\"Reformes Integrals Ferreres\",\"description\":\"Obres y Reformes per empreses i particulars\",\"potentialAction\":[{\"@type\":\"SearchAction\",\"target\":{\"@type\":\"EntryPoint\",\"urlTemplate\":\"https:\\\/\\\/reformesintegralsferreres.com\\\/?s={search_term_string}\"},\"query-input\":{\"@type\":\"PropertyValueSpecification\",\"valueRequired\":true,\"valueName\":\"search_term_string\"}}],\"inLanguage\":\"es\"}]}<\/script>\n<!-- \/ Yoast SEO plugin. -->","yoast_head_json":{"title":"Reformas de Ba\u00f1os - Reformes Integrals Ferreres","robots":{"index":"index","follow":"follow","max-snippet":"max-snippet:-1","max-image-preview":"max-image-preview:large","max-video-preview":"max-video-preview:-1"},"canonical":"https:\/\/reformesintegralsferreres.com\/es\/reformas-de-banos","og_locale":"es_ES","og_type":"article","og_title":"Reformas de Ba\u00f1os - Reformes Integrals Ferreres","og_description":"Reformas de Ba\u00f1os Reforma integral de Ba\u00f1os Estamos especializados en reformas integrales de Ba\u00f1os Reformas integrales Ferreres es una empresa especializada en reformas de ba\u00f1os. Reformamos tu ba\u00f1o adaptando el espacio a tus necesidades y estilo. Te asesoramos desde los revestimientos para paredes y azulejos desde el suelo hasta sanitarios y mobiliario, haciendo una correcta [&hellip;]","og_url":"https:\/\/reformesintegralsferreres.com\/es\/reformas-de-banos","og_site_name":"Reformes Integrals Ferreres","article_modified_time":"2020-09-23T08:20:14+00:00","twitter_card":"summary_large_image","twitter_misc":{"Tiempo de lectura":"3 minutos"},"schema":{"@context":"https:\/\/schema.org","@graph":[{"@type":"WebPage","@id":"https:\/\/reformesintegralsferreres.com\/es\/reformas-de-banos","url":"https:\/\/reformesintegralsferreres.com\/es\/reformas-de-banos","name":"Reformas de Ba\u00f1os - Reformes Integrals Ferreres","isPartOf":{"@id":"https:\/\/reformesintegralsferreres.com\/#website"},"datePublished":"2018-10-15T16:15:49+00:00","dateModified":"2020-09-23T08:20:14+00:00","breadcrumb":{"@id":"https:\/\/reformesintegralsferreres.com\/es\/reformas-de-banos#breadcrumb"},"inLanguage":"es","potentialAction":[{"@type":"ReadAction","target":["https:\/\/reformesintegralsferreres.com\/es\/reformas-de-banos"]}]},{"@type":"BreadcrumbList","@id":"https:\/\/reformesintegralsferreres.com\/es\/reformas-de-banos#breadcrumb","itemListElement":[{"@type":"ListItem","position":1,"name":"Home","item":"https:\/\/reformesintegralsferreres.com\/es"},{"@type":"ListItem","position":2,"name":"Reformas de Ba\u00f1os"}]},{"@type":"WebSite","@id":"https:\/\/reformesintegralsferreres.com\/#website","url":"https:\/\/reformesintegralsferreres.com\/","name":"Reformes Integrals Ferreres","description":"Obres y Reformes per empreses i particulars","potentialAction":[{"@type":"SearchAction","target":{"@type":"EntryPoint","urlTemplate":"https:\/\/reformesintegralsferreres.com\/?s={search_term_string}"},"query-input":{"@type":"PropertyValueSpecification","valueRequired":true,"valueName":"search_term_string"}}],"inLanguage":"es"}]}},"_links":{"self":[{"href":"https:\/\/reformesintegralsferreres.com\/es\/wp-json\/wp\/v2\/pages\/255","targetHints":{"allow":["GET"]}}],"collection":[{"href":"https:\/\/reformesintegralsferreres.com\/es\/wp-json\/wp\/v2\/pages"}],"about":[{"href":"https:\/\/reformesintegralsferreres.com\/es\/wp-json\/wp\/v2\/types\/page"}],"author":[{"embeddable":true,"href":"https:\/\/reformesintegralsferreres.com\/es\/wp-json\/wp\/v2\/users\/1"}],"replies":[{"embeddable":true,"href":"https:\/\/reformesintegralsferreres.com\/es\/wp-json\/wp\/v2\/comments?post=255"}],"version-history":[{"count":5,"href":"https:\/\/reformesintegralsferreres.com\/es\/wp-json\/wp\/v2\/pages\/255\/revisions"}],"predecessor-version":[{"id":819,"href":"https:\/\/reformesintegralsferreres.com\/es\/wp-json\/wp\/v2\/pages\/255\/revisions\/819"}],"wp:attachment":[{"href":"https:\/\/reformesintegralsferreres.com\/es\/wp-json\/wp\/v2\/media?parent=255"}],"curies":[{"name":"wp","href":"https:\/\/api.w.org\/{rel}","templated":true}]}}