{"id":372,"date":"2018-10-22T14:47:46","date_gmt":"2018-10-22T14:47:46","guid":{"rendered":"https:\/\/reformesintegralsferreres.com\/canvi-de-banyera-per-plat-de-dutxa"},"modified":"2020-09-22T09:39:56","modified_gmt":"2020-09-22T09:39:56","slug":"cambio-de-banera-por-plato-de-ducha","status":"publish","type":"page","link":"https:\/\/reformesintegralsferreres.com\/es\/cambio-de-banera-por-plato-de-ducha","title":{"rendered":"Cambio de Ba\u00f1era por Plato de Ducha"},"content":{"rendered":"<p>[et_pb_section fb_built=\u00bb1&#8243; _builder_version=\u00bb3.22&#8243; background_color=\u00bb#00649a\u00bb custom_margin=\u00bb0px||0px|\u00bb custom_padding=\u00bb0px||0px|\u00bb][et_pb_row _builder_version=\u00bb3.25&#8243;][et_pb_column type=\u00bb4_4&#8243; _builder_version=\u00bb3.25&#8243; custom_padding=\u00bb|||\u00bb custom_padding__hover=\u00bb|||\u00bb][et_pb_text admin_label=\u00bbTitle\u00bb _builder_version=\u00bb3.27.4&#8243; header_font=\u00bbBungee||||||||\u00bb header_font_size=\u00bb40&#8243; header_line_height=\u00bb1.4em\u00bb header_2_font_size=\u00bb20&#8243; text_orientation=\u00bbcenter\u00bb background_layout=\u00bbdark\u00bb custom_margin_last_edited=\u00bboff|desktop\u00bb animation_style=\u00bbslide\u00bb animation_direction=\u00bbtop\u00bb animation_intensity_slide=\u00bb5%\u00bb animation_starting_opacity=\u00bb100%\u00bb header_font_size_tablet=\u00bb30&#8243; header_font_size_phone=\u00bb25&#8243; header_font_size_last_edited=\u00bbon|desktop\u00bb header_2_font_size_tablet=\u00bb\u00bb header_2_font_size_phone=\u00bb14&#8243; header_2_font_size_last_edited=\u00bbon|phone\u00bb border_color_all=\u00bb#ff5400&#8243; border_width_left=\u00bb3px\u00bb border_color_left=\u00bb#00649a\u00bb]<\/p>\n<h1>Cambio de Ba\u00f1era por Plato de Ducha<\/h1>\n<h2>Reforma parcial de Ba\u00f1os<\/h2>\n<p>[\/et_pb_text][\/et_pb_column][\/et_pb_row][\/et_pb_section][et_pb_section fb_built=\u00bb1&#8243; _builder_version=\u00bb3.22&#8243; custom_margin=\u00bb0px||0px|\u00bb custom_padding=\u00bb||0px|\u00bb][et_pb_row _builder_version=\u00bb3.25&#8243; background_size=\u00bbinitial\u00bb background_position=\u00bbtop_left\u00bb background_repeat=\u00bbrepeat\u00bb][et_pb_column type=\u00bb4_4&#8243; _builder_version=\u00bb3.25&#8243; custom_padding=\u00bb|||\u00bb custom_padding__hover=\u00bb|||\u00bb][et_pb_text _builder_version=\u00bb3.27.4&#8243; text_font_size=\u00bb16&#8243; header_3_text_color=\u00bb#00649a\u00bb text_orientation=\u00bbcenter\u00bb text_font_size_tablet=\u00bb\u00bb text_font_size_phone=\u00bb14&#8243; text_font_size_last_edited=\u00bbon|phone\u00bb]Hacemos <strong>Reformas parciales de ba\u00f1os<\/strong>, cambiamos la ba\u00f1era por un plato de ducha, los platos de ducha pueden ser de obra, resinas o porcelana.<\/p>\n<p>Ejemplos de reformas sencillas de ba\u00f1os, cambiando s\u00f3lo ba\u00f1era por plato de ducha:<br \/>\n[\/et_pb_text][\/et_pb_column][\/et_pb_row][\/et_pb_section][et_pb_section fb_built=\u00bb1&#8243; _builder_version=\u00bb3.22&#8243; background_color=\u00bb#ededed\u00bb][et_pb_row _builder_version=\u00bb3.25&#8243; background_size=\u00bbinitial\u00bb background_position=\u00bbtop_left\u00bb background_repeat=\u00bbrepeat\u00bb column_structure=\u00bb1_2,1_2&#8243;][et_pb_column type=\u00bb1_2&#8243; _builder_version=\u00bb3.25&#8243; custom_padding=\u00bb|||\u00bb custom_padding__hover=\u00bb|||\u00bb][et_pb_text _builder_version=\u00bb3.27.4&#8243; header_4_font=\u00bbBungee||||||||\u00bb header_4_text_color=\u00bb#00649a\u00bb]<\/p>\n<h4>CAMBIO BA\u00d1ERA POR PLATO DUCHA en la Calle JOAN GUELL de Barcelona<\/h4>\n<p>Reforma parcial de aseo. Se cambi\u00f3 ba\u00f1era por plato haci\u00e9ndolo de obra con piedras de r\u00edo.<br \/>\n[\/et_pb_text][\/et_pb_column][et_pb_column type=\u00bb1_2&#8243; _builder_version=\u00bb3.25&#8243; custom_padding=\u00bb|||\u00bb custom_padding__hover=\u00bb|||\u00bb][et_pb_image src=\u00bbhttps:\/\/reformesintegralsferreres.com\/wp-content\/uploads\/2018\/10\/reformes-ferreres-cambio-banera-por-plato-ducha.jpg\u00bb align_tablet=\u00bbcenter\u00bb align_last_edited=\u00bbon|desktop\u00bb _builder_version=\u00bb3.23&#8243;][\/et_pb_image][\/et_pb_column][\/et_pb_row][\/et_pb_section][et_pb_section fb_built=\u00bb1&#8243; _builder_version=\u00bb3.22&#8243;][et_pb_row _builder_version=\u00bb3.25&#8243; background_size=\u00bbinitial\u00bb background_position=\u00bbtop_left\u00bb background_repeat=\u00bbrepeat\u00bb column_structure=\u00bb1_3,1_3,1_3&#8243;][et_pb_column type=\u00bb1_3&#8243; _builder_version=\u00bb3.25&#8243; custom_padding=\u00bb|||\u00bb custom_padding__hover=\u00bb|||\u00bb][et_pb_text _builder_version=\u00bb3.27.4&#8243; header_4_font=\u00bbBungee||||||||\u00bb header_4_text_color=\u00bb#00649a\u00bb]<\/p>\n<h4>CAMBIO BA\u00d1ERA POR PLATO DUCHA en la Calle Europa de Barcelona<\/h4>\n<p>Reforma cambio de ba\u00f1era por plato de ducha de resinas y cargas minerales, siguiendo exigencias cliente.<br \/>\n[\/et_pb_text][\/et_pb_column][et_pb_column type=\u00bb1_3&#8243; _builder_version=\u00bb3.25&#8243; custom_padding=\u00bb|||\u00bb custom_padding__hover=\u00bb|||\u00bb][et_pb_text _builder_version=\u00bb4.6.3&#8243; text_font=\u00bbBungee||||||||\u00bb text_text_color=\u00bb#00649a\u00bb text_font_size=\u00bb20&#8243; header_4_font=\u00bbBungee||||||||\u00bb header_4_text_color=\u00bb#00649a\u00bb text_orientation=\u00bbcenter\u00bb hover_enabled=\u00bb0&#8243; sticky_enabled=\u00bb0&#8243;]<\/p>\n<p>Antes<\/p>\n<p>[\/et_pb_text][et_pb_gallery gallery_ids=\u00bb194,195&#8243; fullwidth=\u00bbon\u00bb _builder_version=\u00bb3.17.1&#8243; auto=\u00bbon\u00bb auto_speed=\u00bb3500&#8243;][\/et_pb_gallery][\/et_pb_column][et_pb_column type=\u00bb1_3&#8243; _builder_version=\u00bb3.25&#8243; custom_padding=\u00bb|||\u00bb custom_padding__hover=\u00bb|||\u00bb][et_pb_text _builder_version=\u00bb4.6.3&#8243; text_font=\u00bbBungee||||||||\u00bb text_text_color=\u00bb#00649a\u00bb text_font_size=\u00bb20&#8243; header_4_font=\u00bbBungee||||||||\u00bb header_4_text_color=\u00bb#00649a\u00bb text_orientation=\u00bbcenter\u00bb hover_enabled=\u00bb0&#8243; sticky_enabled=\u00bb0&#8243;]<\/p>\n<p>Ahora<\/p>\n<p>[\/et_pb_text][et_pb_gallery gallery_ids=\u00bb198,199&#8243; fullwidth=\u00bbon\u00bb _builder_version=\u00bb3.17.1&#8243; auto=\u00bbon\u00bb auto_speed=\u00bb3500&#8243;][\/et_pb_gallery][\/et_pb_column][\/et_pb_row][\/et_pb_section][et_pb_section fb_built=\u00bb1&#8243; _builder_version=\u00bb4.6.3&#8243; hover_enabled=\u00bb0&#8243; background_color=\u00bb#efefef\u00bb sticky_enabled=\u00bb0&#8243;][et_pb_row _builder_version=\u00bb3.25&#8243; background_size=\u00bbinitial\u00bb background_position=\u00bbtop_left\u00bb background_repeat=\u00bbrepeat\u00bb column_structure=\u00bb1_3,1_3,1_3&#8243;][et_pb_column type=\u00bb1_3&#8243; _builder_version=\u00bb3.25&#8243; custom_padding=\u00bb|||\u00bb custom_padding__hover=\u00bb|||\u00bb][et_pb_text _builder_version=\u00bb4.6.3&#8243; header_4_font=\u00bbBungee||||||||\u00bb header_4_text_color=\u00bb#00649a\u00bb hover_enabled=\u00bb0&#8243; sticky_enabled=\u00bb0&#8243;]<\/p>\n<h4>Reforma parcial de ducha en Barcelona.<\/h4>\n<div><\/div>\n<div>\n<p>Reforma parcial de ba\u00f1o. Canvio de ba\u00f1era por plato de ducha de resinas, corte a medida.<\/p>\n<p>Se canvio ceramica en todo el perimetro de ducha segun exigebcias cliente.<\/p>\n<\/div>\n<p>[\/et_pb_text][\/et_pb_column][et_pb_column type=\u00bb1_3&#8243; _builder_version=\u00bb3.25&#8243; custom_padding=\u00bb|||\u00bb custom_padding__hover=\u00bb|||\u00bb][et_pb_text _builder_version=\u00bb4.6.3&#8243; text_font=\u00bbBungee||||||||\u00bb text_text_color=\u00bb#00649a\u00bb text_font_size=\u00bb20&#8243; header_4_font=\u00bbBungee||||||||\u00bb header_4_text_color=\u00bb#00649a\u00bb text_orientation=\u00bbcenter\u00bb hover_enabled=\u00bb0&#8243; sticky_enabled=\u00bb0&#8243;]<\/p>\n<p>Antes<\/p>\n<p>[\/et_pb_text][et_pb_gallery gallery_ids=\u00bb775&#8243; fullwidth=\u00bbon\u00bb _builder_version=\u00bb4.6.3&#8243; auto=\u00bbon\u00bb auto_speed=\u00bb3500&#8243; hover_enabled=\u00bb0&#8243; sticky_enabled=\u00bb0&#8243;][\/et_pb_gallery][\/et_pb_column][et_pb_column type=\u00bb1_3&#8243; _builder_version=\u00bb3.25&#8243; custom_padding=\u00bb|||\u00bb custom_padding__hover=\u00bb|||\u00bb][et_pb_text _builder_version=\u00bb4.6.3&#8243; text_font=\u00bbBungee||||||||\u00bb text_text_color=\u00bb#00649a\u00bb text_font_size=\u00bb20&#8243; header_4_font=\u00bbBungee||||||||\u00bb header_4_text_color=\u00bb#00649a\u00bb text_orientation=\u00bbcenter\u00bb hover_enabled=\u00bb0&#8243; sticky_enabled=\u00bb0&#8243;]<\/p>\n<p>Ahora<\/p>\n<p>[\/et_pb_text][et_pb_gallery gallery_ids=\u00bb777,779&#8243; fullwidth=\u00bbon\u00bb _builder_version=\u00bb4.6.3&#8243; auto=\u00bbon\u00bb auto_speed=\u00bb3500&#8243; hover_enabled=\u00bb0&#8243; sticky_enabled=\u00bb0&#8243;][\/et_pb_gallery][\/et_pb_column][\/et_pb_row][\/et_pb_section]<\/p>\n","protected":false},"excerpt":{"rendered":"<p>Cambio de Ba\u00f1era por Plato de Ducha Reforma parcial de Ba\u00f1os Hacemos Reformas parciales de ba\u00f1os, cambiamos la ba\u00f1era por un plato de ducha, los platos de ducha pueden ser de obra, resinas o porcelana. Ejemplos de reformas sencillas de ba\u00f1os, cambiando s\u00f3lo ba\u00f1era por plato de ducha: CAMBIO BA\u00d1ERA POR PLATO DUCHA en la [&hellip;]<\/p>\n","protected":false},"author":1,"featured_media":0,"parent":0,"menu_order":0,"comment_status":"closed","ping_status":"closed","template":"","meta":{"_et_pb_use_builder":"on","_et_pb_old_content":"","_et_gb_content_width":"","footnotes":""},"class_list":["post-372","page","type-page","status-publish","hentry"],"yoast_head":"<!-- This site is optimized with the Yoast SEO plugin v27.4 - https:\/\/yoast.com\/product\/yoast-seo-wordpress\/ -->\n<title>Cambio de Ba\u00f1era por Plato de Ducha - Reformes Integrals Ferreres<\/title>\n<meta name=\"robots\" content=\"index, follow, max-snippet:-1, max-image-preview:large, max-video-preview:-1\" \/>\n<link rel=\"canonical\" href=\"https:\/\/reformesintegralsferreres.com\/es\/cambio-de-banera-por-plato-de-ducha\" \/>\n<meta property=\"og:locale\" content=\"es_ES\" \/>\n<meta property=\"og:type\" content=\"article\" \/>\n<meta property=\"og:title\" content=\"Cambio de Ba\u00f1era por Plato de Ducha - Reformes Integrals Ferreres\" \/>\n<meta property=\"og:description\" content=\"Cambio de Ba\u00f1era por Plato de Ducha Reforma parcial de Ba\u00f1os Hacemos Reformas parciales de ba\u00f1os, cambiamos la ba\u00f1era por un plato de ducha, los platos de ducha pueden ser de obra, resinas o porcelana. Ejemplos de reformas sencillas de ba\u00f1os, cambiando s\u00f3lo ba\u00f1era por plato de ducha: CAMBIO BA\u00d1ERA POR PLATO DUCHA en la [&hellip;]\" \/>\n<meta property=\"og:url\" content=\"https:\/\/reformesintegralsferreres.com\/es\/cambio-de-banera-por-plato-de-ducha\" \/>\n<meta property=\"og:site_name\" content=\"Reformes Integrals Ferreres\" \/>\n<meta property=\"article:modified_time\" content=\"2020-09-22T09:39:56+00:00\" \/>\n<meta name=\"twitter:card\" content=\"summary_large_image\" \/>\n<meta name=\"twitter:label1\" content=\"Tiempo de lectura\" \/>\n\t<meta name=\"twitter:data1\" content=\"4 minutos\" \/>\n<script type=\"application\/ld+json\" class=\"yoast-schema-graph\">{\"@context\":\"https:\\\/\\\/schema.org\",\"@graph\":[{\"@type\":\"WebPage\",\"@id\":\"https:\\\/\\\/reformesintegralsferreres.com\\\/es\\\/cambio-de-banera-por-plato-de-ducha\",\"url\":\"https:\\\/\\\/reformesintegralsferreres.com\\\/es\\\/cambio-de-banera-por-plato-de-ducha\",\"name\":\"Cambio de Ba\u00f1era por Plato de Ducha - Reformes Integrals Ferreres\",\"isPartOf\":{\"@id\":\"https:\\\/\\\/reformesintegralsferreres.com\\\/#website\"},\"datePublished\":\"2018-10-22T14:47:46+00:00\",\"dateModified\":\"2020-09-22T09:39:56+00:00\",\"breadcrumb\":{\"@id\":\"https:\\\/\\\/reformesintegralsferreres.com\\\/es\\\/cambio-de-banera-por-plato-de-ducha#breadcrumb\"},\"inLanguage\":\"es\",\"potentialAction\":[{\"@type\":\"ReadAction\",\"target\":[\"https:\\\/\\\/reformesintegralsferreres.com\\\/es\\\/cambio-de-banera-por-plato-de-ducha\"]}]},{\"@type\":\"BreadcrumbList\",\"@id\":\"https:\\\/\\\/reformesintegralsferreres.com\\\/es\\\/cambio-de-banera-por-plato-de-ducha#breadcrumb\",\"itemListElement\":[{\"@type\":\"ListItem\",\"position\":1,\"name\":\"Home\",\"item\":\"https:\\\/\\\/reformesintegralsferreres.com\\\/es\"},{\"@type\":\"ListItem\",\"position\":2,\"name\":\"Cambio de Ba\u00f1era por Plato de Ducha\"}]},{\"@type\":\"WebSite\",\"@id\":\"https:\\\/\\\/reformesintegralsferreres.com\\\/#website\",\"url\":\"https:\\\/\\\/reformesintegralsferreres.com\\\/\",\"name\":\"Reformes Integrals Ferreres\",\"description\":\"Obres y Reformes per empreses i particulars\",\"potentialAction\":[{\"@type\":\"SearchAction\",\"target\":{\"@type\":\"EntryPoint\",\"urlTemplate\":\"https:\\\/\\\/reformesintegralsferreres.com\\\/?s={search_term_string}\"},\"query-input\":{\"@type\":\"PropertyValueSpecification\",\"valueRequired\":true,\"valueName\":\"search_term_string\"}}],\"inLanguage\":\"es\"}]}<\/script>\n<!-- \/ Yoast SEO plugin. -->","yoast_head_json":{"title":"Cambio de Ba\u00f1era por Plato de Ducha - Reformes Integrals Ferreres","robots":{"index":"index","follow":"follow","max-snippet":"max-snippet:-1","max-image-preview":"max-image-preview:large","max-video-preview":"max-video-preview:-1"},"canonical":"https:\/\/reformesintegralsferreres.com\/es\/cambio-de-banera-por-plato-de-ducha","og_locale":"es_ES","og_type":"article","og_title":"Cambio de Ba\u00f1era por Plato de Ducha - Reformes Integrals Ferreres","og_description":"Cambio de Ba\u00f1era por Plato de Ducha Reforma parcial de Ba\u00f1os Hacemos Reformas parciales de ba\u00f1os, cambiamos la ba\u00f1era por un plato de ducha, los platos de ducha pueden ser de obra, resinas o porcelana. Ejemplos de reformas sencillas de ba\u00f1os, cambiando s\u00f3lo ba\u00f1era por plato de ducha: CAMBIO BA\u00d1ERA POR PLATO DUCHA en la [&hellip;]","og_url":"https:\/\/reformesintegralsferreres.com\/es\/cambio-de-banera-por-plato-de-ducha","og_site_name":"Reformes Integrals Ferreres","article_modified_time":"2020-09-22T09:39:56+00:00","twitter_card":"summary_large_image","twitter_misc":{"Tiempo de lectura":"4 minutos"},"schema":{"@context":"https:\/\/schema.org","@graph":[{"@type":"WebPage","@id":"https:\/\/reformesintegralsferreres.com\/es\/cambio-de-banera-por-plato-de-ducha","url":"https:\/\/reformesintegralsferreres.com\/es\/cambio-de-banera-por-plato-de-ducha","name":"Cambio de Ba\u00f1era por Plato de Ducha - Reformes Integrals Ferreres","isPartOf":{"@id":"https:\/\/reformesintegralsferreres.com\/#website"},"datePublished":"2018-10-22T14:47:46+00:00","dateModified":"2020-09-22T09:39:56+00:00","breadcrumb":{"@id":"https:\/\/reformesintegralsferreres.com\/es\/cambio-de-banera-por-plato-de-ducha#breadcrumb"},"inLanguage":"es","potentialAction":[{"@type":"ReadAction","target":["https:\/\/reformesintegralsferreres.com\/es\/cambio-de-banera-por-plato-de-ducha"]}]},{"@type":"BreadcrumbList","@id":"https:\/\/reformesintegralsferreres.com\/es\/cambio-de-banera-por-plato-de-ducha#breadcrumb","itemListElement":[{"@type":"ListItem","position":1,"name":"Home","item":"https:\/\/reformesintegralsferreres.com\/es"},{"@type":"ListItem","position":2,"name":"Cambio de Ba\u00f1era por Plato de Ducha"}]},{"@type":"WebSite","@id":"https:\/\/reformesintegralsferreres.com\/#website","url":"https:\/\/reformesintegralsferreres.com\/","name":"Reformes Integrals Ferreres","description":"Obres y Reformes per empreses i particulars","potentialAction":[{"@type":"SearchAction","target":{"@type":"EntryPoint","urlTemplate":"https:\/\/reformesintegralsferreres.com\/?s={search_term_string}"},"query-input":{"@type":"PropertyValueSpecification","valueRequired":true,"valueName":"search_term_string"}}],"inLanguage":"es"}]}},"_links":{"self":[{"href":"https:\/\/reformesintegralsferreres.com\/es\/wp-json\/wp\/v2\/pages\/372","targetHints":{"allow":["GET"]}}],"collection":[{"href":"https:\/\/reformesintegralsferreres.com\/es\/wp-json\/wp\/v2\/pages"}],"about":[{"href":"https:\/\/reformesintegralsferreres.com\/es\/wp-json\/wp\/v2\/types\/page"}],"author":[{"embeddable":true,"href":"https:\/\/reformesintegralsferreres.com\/es\/wp-json\/wp\/v2\/users\/1"}],"replies":[{"embeddable":true,"href":"https:\/\/reformesintegralsferreres.com\/es\/wp-json\/wp\/v2\/comments?post=372"}],"version-history":[{"count":2,"href":"https:\/\/reformesintegralsferreres.com\/es\/wp-json\/wp\/v2\/pages\/372\/revisions"}],"predecessor-version":[{"id":781,"href":"https:\/\/reformesintegralsferreres.com\/es\/wp-json\/wp\/v2\/pages\/372\/revisions\/781"}],"wp:attachment":[{"href":"https:\/\/reformesintegralsferreres.com\/es\/wp-json\/wp\/v2\/media?parent=372"}],"curies":[{"name":"wp","href":"https:\/\/api.w.org\/{rel}","templated":true}]}}